{"id":82,"date":"2021-03-19T17:40:45","date_gmt":"2021-03-19T17:40:45","guid":{"rendered":"https:\/\/www.podpoustkou.cz\/?page_id=82"},"modified":"2021-03-19T17:40:45","modified_gmt":"2021-03-19T17:40:45","slug":"technologie","status":"publish","type":"page","link":"https:\/\/www.podpoustkou.cz\/index.php\/technologie\/","title":{"rendered":"Technologie"},"content":{"rendered":"\n<p>Na \u010dem lisujeme? Lisujeme na lisu mal\u00fdch kapacit <a href=\"https:\/\/oeltech.com\/produkt\/oelpresse_fx20\/\">FX 20 v\u00fdrobce Oeltech Machinenbaum, Germany<\/a><\/p>\n\n\n\n<figure class=\"wp-block-embed is-type-video is-provider-youtube wp-block-embed-youtube wp-embed-aspect-16-9 wp-has-aspect-ratio\"><div class=\"wp-block-embed__wrapper\">\n<iframe loading=\"lazy\" title=\"So wird Lein\u00f6l in bester Rohkostqualit\u00e4t kalt gepresst\" width=\"580\" height=\"326\" src=\"https:\/\/www.youtube.com\/embed\/SR9W_j-mfmE?feature=oembed\" frameborder=\"0\" allow=\"accelerometer; autoplay; clipboard-write; encrypted-media; gyroscope; picture-in-picture; web-share\" referrerpolicy=\"strict-origin-when-cross-origin\" allowfullscreen><\/iframe>\n<\/div><\/figure>\n","protected":false},"excerpt":{"rendered":"<p>Na \u010dem lisujeme? Lisujeme na lisu mal\u00fdch kapacit FX 20 v\u00fdrobce Oeltech Machinenbaum, Germany<\/p>\n","protected":false},"author":1,"featured_media":0,"parent":0,"menu_order":0,"comment_status":"closed","ping_status":"closed","template":"","meta":{"footnotes":""},"class_list":["post-82","page","type-page","status-publish","hentry"],"_links":{"self":[{"href":"https:\/\/www.podpoustkou.cz\/index.php\/wp-json\/wp\/v2\/pages\/82","targetHints":{"allow":["GET"]}}],"collection":[{"href":"https:\/\/www.podpoustkou.cz\/index.php\/wp-json\/wp\/v2\/pages"}],"about":[{"href":"https:\/\/www.podpoustkou.cz\/index.php\/wp-json\/wp\/v2\/types\/page"}],"author":[{"embeddable":true,"href":"https:\/\/www.podpoustkou.cz\/index.php\/wp-json\/wp\/v2\/users\/1"}],"replies":[{"embeddable":true,"href":"https:\/\/www.podpoustkou.cz\/index.php\/wp-json\/wp\/v2\/comments?post=82"}],"version-history":[{"count":1,"href":"https:\/\/www.podpoustkou.cz\/index.php\/wp-json\/wp\/v2\/pages\/82\/revisions"}],"predecessor-version":[{"id":83,"href":"https:\/\/www.podpoustkou.cz\/index.php\/wp-json\/wp\/v2\/pages\/82\/revisions\/83"}],"wp:attachment":[{"href":"https:\/\/www.podpoustkou.cz\/index.php\/wp-json\/wp\/v2\/media?parent=82"}],"curies":[{"name":"wp","href":"https:\/\/api.w.org\/{rel}","templated":true}]}}