{"id":394,"date":"2023-03-31T13:45:09","date_gmt":"2023-03-31T12:45:09","guid":{"rendered":"https:\/\/www.podpoustkou.cz\/?page_id=394"},"modified":"2023-03-31T13:45:09","modified_gmt":"2023-03-31T12:45:09","slug":"mak-bily","status":"publish","type":"page","link":"https:\/\/www.podpoustkou.cz\/index.php\/mak-bily\/","title":{"rendered":"M\u00e1k b\u00edl\u00fd"},"content":{"rendered":"\n<p>M\u00e1k b\u00edl\u00fd obsahuje na zdrav\u00e9 tuky, v\u00e1pn\u00edk, ho\u0159\u010d\u00edk, drasl\u00edk, fosfor a \u017eelezo. Z\u00a0vitam\u00edn\u016f B jsou p\u0159edev\u0161\u00edm zastoupeny vitam\u00edny B1, B12 a vitam\u00edn E. V\u00a0makov\u00e9m oleji se tak\u00e9 nach\u00e1z\u00ed kyselina linolov\u00e1 a olejov\u00e1.<\/p>\n\n\n\n<h2 class=\"wp-block-heading has-large-font-size\" id=\"olej\">Olej<\/h2>\n\n\n\n<div class=\"wp-block-columns is-layout-flex wp-container-core-columns-is-layout-9d6595d7 wp-block-columns-is-layout-flex\">\n<div class=\"wp-block-column is-layout-flow wp-block-column-is-layout-flow\" style=\"flex-basis:100%\">\n<p>Jednodruhov\u00fd za studena lisovan\u00fd olej z m\u00e1ku modr\u00e9ho bez chemick\u00fdch konzervant\u016f.<\/p>\n\n\n\n<p><strong>Vyu\u017eit\u00ed: <\/strong>Makov\u00fd olej najde sv\u00e9 uplatn\u011bn\u00ed p\u0159edev\u0161\u00edm ve studen\u00e9 kuchyni &#8211; ochucov\u00e1n\u00ed ovocn\u00fdch i zeleninov\u00fdch sal\u00e1t\u016f, t\u011bstovin, p\u0159i pe\u010den\u00ed, p\u0159id\u00e1n\u00ed do jogurtu, s ovocem, o\u0159\u00ed\u0161ky.<\/p>\n\n\n\n<p>D\u00e1le jako dopln\u011bk stravy nebo v kosmetice. O jeho \u00fa\u010dinc\u00edch se m\u016f\u017eete v\u00edce dozv\u011bd\u011bt na internetu (nap\u0159. wikipedii) a odborn\u00e9 literatu\u0159e. <\/p>\n\n\n\n<p>Skladujte chladnu a temnu.<\/p>\n<\/div>\n<\/div>\n\n\n\n<h3 class=\"wp-block-heading has-normal-font-size\" id=\"prumerne-vyzivove-udaje-na-100-g-oleje-z-maku-modreho\">Pr\u016fm\u011brn\u00e9 v\u00fd\u017eivov\u00e9 \u00fadaje na\u00a0100 g oleje z m\u00e1ku b\u00edl\u00e9ho:<\/h3>\n\n\n\n<figure class=\"wp-block-table is-style-stripes\"><table><tbody><tr><td>Energetick\u00e1 hodnota<\/td><td>3697kJ \/ 899 kcal<\/td><\/tr><tr><td>Tuky<\/td><td>99,6 g<\/td><\/tr><tr><td>&nbsp;&nbsp; z toho nasycen\u00e9 MK<\/td><td>10,7 g<\/td><\/tr><tr><td>   z toho mononenasycen\u00e9 MK<\/td><td>17,8 g<\/td><\/tr><tr><td>   z toho polynenasycen\u00e9 MK<\/td><td>71,5 g<\/td><\/tr><tr><td>Sacharidy<\/td><td>m\u00e9n\u011b ne\u017e 0,1 g<\/td><\/tr><tr><td>&nbsp;&nbsp; z toho cukry<\/td><td>m\u00e9n\u011b ne\u017e 0,1 g<\/td><\/tr><tr><td>B\u00edlkoviny<\/td><td>m\u00e9n\u011b ne\u017e 0,1 g<\/td><\/tr><tr><td>S\u016fl<\/td><td>m\u00e9n\u011b ne\u017e 0,01 g<\/td><\/tr><\/tbody><\/table><\/figure>\n\n\n<div class=\"wp-block-image\">\n<figure class=\"aligncenter size-large is-resized\"><img loading=\"lazy\" decoding=\"async\" src=\"https:\/\/www.podpoustkou.cz\/wp-content\/uploads\/2023\/03\/20220529_1041160-498x1024.jpg\" alt=\"\" class=\"wp-image-396\" width=\"249\" height=\"512\" srcset=\"https:\/\/www.podpoustkou.cz\/wp-content\/uploads\/2023\/03\/20220529_1041160-498x1024.jpg 498w, https:\/\/www.podpoustkou.cz\/wp-content\/uploads\/2023\/03\/20220529_1041160-146x300.jpg 146w, https:\/\/www.podpoustkou.cz\/wp-content\/uploads\/2023\/03\/20220529_1041160-768x1580.jpg 768w, https:\/\/www.podpoustkou.cz\/wp-content\/uploads\/2023\/03\/20220529_1041160-747x1536.jpg 747w, https:\/\/www.podpoustkou.cz\/wp-content\/uploads\/2023\/03\/20220529_1041160-996x2048.jpg 996w, https:\/\/www.podpoustkou.cz\/wp-content\/uploads\/2023\/03\/20220529_1041160-1200x2469.jpg 1200w, https:\/\/www.podpoustkou.cz\/wp-content\/uploads\/2023\/03\/20220529_1041160-1980x4073.jpg 1980w, https:\/\/www.podpoustkou.cz\/wp-content\/uploads\/2023\/03\/20220529_1041160-scaled.jpg 1244w\" sizes=\"auto, (max-width: 249px) 100vw, 249px\" \/><\/figure>\n<\/div>\n\n\n<h3 class=\"wp-block-heading has-large-font-size\" id=\"pokrutiny-a-mlete-pokrutiny-makova-mouka\">Pokrutiny a mlet\u00e9 pokrutiny &#8211; makov\u00e1 mouka<\/h3>\n\n\n\n<p><strong>Makov\u00e1 mouka<\/strong> obsahuje v porovn\u00e1n\u00ed s m\u00e1kem minim\u00e1ln\u00ed mno\u017estv\u00ed tuku. Vyr\u00e1b\u00ed se rozm\u011bln\u011bn\u00edm pokrutin, obsahuje asi dvojn\u00e1sobn\u00e9 mno\u017estv\u00ed vl\u00e1kniny, b\u00edlkovin, vitam\u00edn\u016f a miner\u00e1l\u016f.<\/p>\n\n\n<div class=\"wp-block-image\">\n<figure class=\"aligncenter size-large is-resized\"><img loading=\"lazy\" decoding=\"async\" src=\"https:\/\/www.podpoustkou.cz\/wp-content\/uploads\/2023\/03\/20220529_112418aa-1024x806.jpg\" alt=\"\" class=\"wp-image-399\" width=\"256\" height=\"202\" srcset=\"https:\/\/www.podpoustkou.cz\/wp-content\/uploads\/2023\/03\/20220529_112418aa-1024x806.jpg 1024w, https:\/\/www.podpoustkou.cz\/wp-content\/uploads\/2023\/03\/20220529_112418aa-300x236.jpg 300w, https:\/\/www.podpoustkou.cz\/wp-content\/uploads\/2023\/03\/20220529_112418aa-768x604.jpg 768w, https:\/\/www.podpoustkou.cz\/wp-content\/uploads\/2023\/03\/20220529_112418aa-1536x1208.jpg 1536w, https:\/\/www.podpoustkou.cz\/wp-content\/uploads\/2023\/03\/20220529_112418aa-2048x1611.jpg 2048w, https:\/\/www.podpoustkou.cz\/wp-content\/uploads\/2023\/03\/20220529_112418aa-1200x944.jpg 1200w, https:\/\/www.podpoustkou.cz\/wp-content\/uploads\/2023\/03\/20220529_112418aa-1980x1558.jpg 1980w\" sizes=\"auto, (max-width: 256px) 100vw, 256px\" \/><\/figure>\n<\/div>\n\n\n<p><strong>Makov\u00e1 mouka<\/strong> m\u016f\u017ee doplnit\/nahradit p\u0161eni\u010dnou mouku p\u0159i pe\u010den\u00ed jak slan\u00e9ho tak sladk\u00e9ho pe\u010diva nebo buchet. M\u016f\u017ee se pou\u017e\u00edt na n\u00e1pln\u011b a k dochucen\u00ed n\u00e1divek, su\u0161enek atd. Je vhodn\u00e1 pro bezlepkovou dietu.<\/p>\n\n\n<div class=\"wp-block-image\">\n<figure class=\"aligncenter size-large is-resized\"><img loading=\"lazy\" decoding=\"async\" src=\"https:\/\/www.podpoustkou.cz\/wp-content\/uploads\/2023\/03\/20220529_112409a-967x1024.jpg\" alt=\"\" class=\"wp-image-398\" width=\"242\" height=\"256\" srcset=\"https:\/\/www.podpoustkou.cz\/wp-content\/uploads\/2023\/03\/20220529_112409a-967x1024.jpg 967w, https:\/\/www.podpoustkou.cz\/wp-content\/uploads\/2023\/03\/20220529_112409a-283x300.jpg 283w, https:\/\/www.podpoustkou.cz\/wp-content\/uploads\/2023\/03\/20220529_112409a-768x814.jpg 768w, https:\/\/www.podpoustkou.cz\/wp-content\/uploads\/2023\/03\/20220529_112409a-1450x1536.jpg 1450w, https:\/\/www.podpoustkou.cz\/wp-content\/uploads\/2023\/03\/20220529_112409a-1933x2048.jpg 1933w, https:\/\/www.podpoustkou.cz\/wp-content\/uploads\/2023\/03\/20220529_112409a-1200x1271.jpg 1200w, https:\/\/www.podpoustkou.cz\/wp-content\/uploads\/2023\/03\/20220529_112409a-1980x2098.jpg 1980w\" sizes=\"auto, (max-width: 242px) 100vw, 242px\" \/><\/figure>\n<\/div>\n\n\n<h2 class=\"wp-block-heading has-normal-font-size\" id=\"prumerna-vyzivova-hodnota-ve-100-g-pokrutin\"><strong>Pr\u016fm\u011brn\u00e1 v\u00fd\u017eivov\u00e1 hodnota ve 100 g pokrutin:<\/strong><\/h2>\n\n\n\n<figure class=\"wp-block-table is-style-stripes\"><table><tbody><tr><td>Energetick\u00e1 hodnota<\/td><td>1361 kJ \/ 327 kcal<\/td><\/tr><tr><td>Tuky<\/td><td>11,3 g<\/td><\/tr><tr><td>&nbsp;&nbsp; z toho nasycen\u00e9 MK<\/td><td>1,07 g<\/td><\/tr><tr><td>Sacharidy<\/td><td>10,4 g<\/td><\/tr><tr><td>&nbsp;&nbsp; z toho cukry<\/td><td>5,0 g<\/td><\/tr><tr><td>Vl\u00e1knina<\/td><td>29,5 g<\/td><\/tr><tr><td>B\u00edlkoviny<\/td><td>32,0 g<\/td><\/tr><tr><td>S\u016fl<\/td><td>0,01 g<\/td><\/tr><\/tbody><\/table><\/figure>\n\n\n\n<h2 class=\"wp-block-heading\" id=\"makova-pasta\">Makov\u00e1 pasta<\/h2>\n\n\n\n<p>Jednodruhov\u00e1 <strong>makov\u00e1 pasta<\/strong> je sm\u011bs makov\u00e9ho oleje a jemn\u00fdch makov\u00fdch \u010d\u00e1ste\u010dek vznikl\u00fdch p\u0159i lisov\u00e1n\u00ed m\u00e1ku. Lze ji po\u017e\u00edt v\u0161ude tam, kde pot\u0159ebujete p\u0159idat mouku a olej &#8211; makovn\u00edk, pala\u010dinky, b\u00e1bovka nebo v z\u00e1livk\u00e1ch sal\u00e1t\u016f.<\/p>\n","protected":false},"excerpt":{"rendered":"<p>M\u00e1k b\u00edl\u00fd obsahuje na zdrav\u00e9 tuky, v\u00e1pn\u00edk, ho\u0159\u010d\u00edk, drasl\u00edk, fosfor a \u017eelezo. Z\u00a0vitam\u00edn\u016f B jsou p\u0159edev\u0161\u00edm zastoupeny vitam\u00edny B1, B12 a vitam\u00edn E. V\u00a0makov\u00e9m oleji se tak\u00e9 nach\u00e1z\u00ed kyselina linolov\u00e1 a olejov\u00e1. Olej Jednodruhov\u00fd za studena lisovan\u00fd olej z m\u00e1ku modr\u00e9ho bez chemick\u00fdch konzervant\u016f. Vyu\u017eit\u00ed: Makov\u00fd olej najde sv\u00e9 uplatn\u011bn\u00ed p\u0159edev\u0161\u00edm ve studen\u00e9 kuchyni &#8211; [&hellip;]<\/p>\n","protected":false},"author":1,"featured_media":0,"parent":0,"menu_order":0,"comment_status":"closed","ping_status":"closed","template":"","meta":{"footnotes":""},"class_list":["post-394","page","type-page","status-publish","hentry"],"_links":{"self":[{"href":"https:\/\/www.podpoustkou.cz\/index.php\/wp-json\/wp\/v2\/pages\/394","targetHints":{"allow":["GET"]}}],"collection":[{"href":"https:\/\/www.podpoustkou.cz\/index.php\/wp-json\/wp\/v2\/pages"}],"about":[{"href":"https:\/\/www.podpoustkou.cz\/index.php\/wp-json\/wp\/v2\/types\/page"}],"author":[{"embeddable":true,"href":"https:\/\/www.podpoustkou.cz\/index.php\/wp-json\/wp\/v2\/users\/1"}],"replies":[{"embeddable":true,"href":"https:\/\/www.podpoustkou.cz\/index.php\/wp-json\/wp\/v2\/comments?post=394"}],"version-history":[{"count":1,"href":"https:\/\/www.podpoustkou.cz\/index.php\/wp-json\/wp\/v2\/pages\/394\/revisions"}],"predecessor-version":[{"id":400,"href":"https:\/\/www.podpoustkou.cz\/index.php\/wp-json\/wp\/v2\/pages\/394\/revisions\/400"}],"wp:attachment":[{"href":"https:\/\/www.podpoustkou.cz\/index.php\/wp-json\/wp\/v2\/media?parent=394"}],"curies":[{"name":"wp","href":"https:\/\/api.w.org\/{rel}","templated":true}]}}