{"id":18,"date":"2021-03-19T16:28:24","date_gmt":"2021-03-19T16:28:24","guid":{"rendered":"https:\/\/www.podpoustkou.cz\/?page_id=18"},"modified":"2023-03-30T16:18:16","modified_gmt":"2023-03-30T15:18:16","slug":"produkty","status":"publish","type":"page","link":"https:\/\/www.podpoustkou.cz\/index.php\/produkty\/","title":{"rendered":"Produkty"},"content":{"rendered":"\n<figure class=\"wp-block-image size-large\"><img loading=\"lazy\" decoding=\"async\" width=\"1024\" height=\"531\" src=\"https:\/\/www.podpoustkou.cz\/wp-content\/uploads\/2023\/03\/20220529_104929_015a-1024x531.jpg\" alt=\"\" class=\"wp-image-367\" srcset=\"https:\/\/www.podpoustkou.cz\/wp-content\/uploads\/2023\/03\/20220529_104929_015a-1024x531.jpg 1024w, https:\/\/www.podpoustkou.cz\/wp-content\/uploads\/2023\/03\/20220529_104929_015a-300x156.jpg 300w, https:\/\/www.podpoustkou.cz\/wp-content\/uploads\/2023\/03\/20220529_104929_015a-768x398.jpg 768w, https:\/\/www.podpoustkou.cz\/wp-content\/uploads\/2023\/03\/20220529_104929_015a-1536x796.jpg 1536w, https:\/\/www.podpoustkou.cz\/wp-content\/uploads\/2023\/03\/20220529_104929_015a-2048x1062.jpg 2048w, https:\/\/www.podpoustkou.cz\/wp-content\/uploads\/2023\/03\/20220529_104929_015a-1200x622.jpg 1200w, https:\/\/www.podpoustkou.cz\/wp-content\/uploads\/2023\/03\/20220529_104929_015a-1980x1026.jpg 1980w\" sizes=\"auto, (max-width: 1024px) 100vw, 1024px\" \/><figcaption class=\"wp-element-caption\">Oleje v prezenta\u010dn\u00edch pr\u016fhledn\u00fdch lahv\u00edch, v mal\u00e9 lahvi\u010dce je km\u00ednov\u00fd olej.<\/figcaption><\/figure>\n\n\n\n<h2 class=\"wp-block-heading\" id=\"oleje\">Oleje<\/h2>\n\n\n\n<p>Na\u0161e oleje jsou jednodruhov\u00e9 lisovan\u00e9 za studena. Vylisovan\u00fd olej je ulo\u017een v&nbsp;nerezov\u00fdch barelech, kde dojde k&nbsp;sedimentaci. B\u011bhem sedimentace, kter\u00e1 zpravidla trv\u00e1 5 \u2013 7 dn\u00ed, je olej ulo\u017een v&nbsp;chladu a temnu (hermeticky uzav\u0159en\u00e9 nerezov\u00e9 barely). N\u00e1sledn\u011b je olej st\u00e1\u010den, dle objedn\u00e1vek, do p\u0159\u00edslu\u0161n\u011b velk\u00fdch tmav\u00fdch sklen\u011bn\u00fdch lahv\u00ed a op\u011bt hermeticky uzav\u0159en uz\u00e1v\u011brem s&nbsp;n\u00e1levkou. Olej do lahv\u00ed st\u00e1\u010d\u00edme t\u011bsn\u011b p\u0159ed expedic\u00ed z\u00e1kazn\u00edkovi. Olej, kter\u00fd od n\u00e1s dost\u00e1v\u00e1te, nen\u00ed filtrovan\u00fd a proto m\u016f\u017ee b\u00fdt m\u00edrn\u011b zakalen\u00fd, po transportu t\u00e9m\u011b\u0159 v\u017edy. Kal nebo usazenina na dn\u011b nejsou na \u0161kodu kvalit\u011b v\u00fdrobku.<\/p>\n\n\n\n<p>Za studena lisovan\u00e9 oleje obsahuj\u00ed \u0159adu l\u00e1tek prosp\u011b\u0161n\u00fdch pro lidsk\u00fd organismus. Jejich vyu\u017eit\u00ed je p\u0159edev\u0161\u00edm ve studen\u00e9 kuchyni.<\/p>\n\n\n\n<figure class=\"wp-block-image size-full is-style-default\"><img loading=\"lazy\" decoding=\"async\" width=\"623\" height=\"603\" src=\"https:\/\/www.podpoustkou.cz\/wp-content\/uploads\/2022\/02\/photo_2022-02-02_11-16-19a.jpg\" alt=\"\" class=\"wp-image-202\" srcset=\"https:\/\/www.podpoustkou.cz\/wp-content\/uploads\/2022\/02\/photo_2022-02-02_11-16-19a.jpg 623w, https:\/\/www.podpoustkou.cz\/wp-content\/uploads\/2022\/02\/photo_2022-02-02_11-16-19a-300x290.jpg 300w\" sizes=\"auto, (max-width: 623px) 100vw, 623px\" \/><figcaption class=\"wp-element-caption\">Pokrutiny ze lnu hn\u011bd\u00e9ho<\/figcaption><\/figure>\n\n\n\n<figure class=\"wp-block-image size-full\"><img loading=\"lazy\" decoding=\"async\" width=\"602\" height=\"619\" src=\"https:\/\/www.podpoustkou.cz\/wp-content\/uploads\/2022\/02\/photo_2022-02-02_11-16-23a.jpg\" alt=\"\" class=\"wp-image-203\" srcset=\"https:\/\/www.podpoustkou.cz\/wp-content\/uploads\/2022\/02\/photo_2022-02-02_11-16-23a.jpg 602w, https:\/\/www.podpoustkou.cz\/wp-content\/uploads\/2022\/02\/photo_2022-02-02_11-16-23a-292x300.jpg 292w\" sizes=\"auto, (max-width: 602px) 100vw, 602px\" \/><figcaption class=\"wp-element-caption\">Mlet\u00e9 pokrutiny ze lnu hn\u011bd\u00e9ho<\/figcaption><\/figure>\n\n\n\n<figure class=\"wp-block-image size-full\"><img loading=\"lazy\" decoding=\"async\" width=\"534\" height=\"911\" src=\"https:\/\/www.podpoustkou.cz\/wp-content\/uploads\/2022\/02\/photo_2022-02-02_11-17-04a.jpg\" alt=\"\" class=\"wp-image-204\" srcset=\"https:\/\/www.podpoustkou.cz\/wp-content\/uploads\/2022\/02\/photo_2022-02-02_11-17-04a.jpg 534w, https:\/\/www.podpoustkou.cz\/wp-content\/uploads\/2022\/02\/photo_2022-02-02_11-17-04a-176x300.jpg 176w\" sizes=\"auto, (max-width: 534px) 100vw, 534px\" \/><figcaption class=\"wp-element-caption\">Pokrutiny z m\u00e1ku modr\u00e9ho v balen\u00ed pro kone\u010dn\u00e9ho z\u00e1kazn\u00edka (Obal Doypack ZIP).<\/figcaption><\/figure>\n\n\n\n<figure class=\"wp-block-image size-full is-resized is-style-default\"><img loading=\"lazy\" decoding=\"async\" src=\"https:\/\/www.podpoustkou.cz\/wp-content\/uploads\/2022\/02\/photo_2022-02-02_11-17-09a.jpg\" alt=\"\" class=\"wp-image-205\" width=\"572\" height=\"1001\" srcset=\"https:\/\/www.podpoustkou.cz\/wp-content\/uploads\/2022\/02\/photo_2022-02-02_11-17-09a.jpg 571w, https:\/\/www.podpoustkou.cz\/wp-content\/uploads\/2022\/02\/photo_2022-02-02_11-17-09a-171x300.jpg 171w\" sizes=\"auto, (max-width: 572px) 100vw, 572px\" \/><figcaption class=\"wp-element-caption\">Pokrutiny z m\u00e1ku modr\u00e9ho v balen\u00ed pro koncov\u00e9ho z\u00e1kazn\u00edka (Doypack ZIP).<\/figcaption><\/figure>\n\n\n\n<h2 class=\"wp-block-heading\" id=\"pokrutiny\">Pokrutiny<\/h2>\n\n\n\n<div class=\"wp-block-group\"><div class=\"wp-block-group__inner-container is-layout-flow wp-block-group-is-layout-flow\">\n<p>Vylisovan\u00e9 pokrutiny jsou ulo\u017eeny v&nbsp;uzav\u0159en\u00fdch plastov\u00fdch obalech. Plastov\u00e9 obaly jsou ur\u010deny pro uchov\u00e1v\u00e1n\u00ed potravin. I tento v\u00fdrobek je ulo\u017een v&nbsp;chladu a temnu. Pokrutiny prod\u00e1v\u00e1me bu\u010f ve form\u011b jak byly vyrobeny \u2013 tj. relativn\u011b tvrd\u00e9 v\u00e1le\u010dky, v\u00fdlisky nebo mohou b\u00fdt n\u00e1sledn\u011b mlet\u00e9 (rozm\u011bln\u011bn\u00e9) do sypk\u00e9ho stavu. K&nbsp;balen\u00ed doch\u00e1z\u00ed op\u011bt t\u011bsn\u011b p\u0159ed expedic\u00ed dle p\u0159ijat\u00fdch objedn\u00e1vek do Doypack ZIP s\u00e1\u010dk\u016f.<\/p>\n\n\n\n<p>V\u00fdrobky z&nbsp; pokrutin m\u016f\u017eete na trhu naj\u00edt pod r\u016fzn\u00fdmi n\u00e1zvy: \u201emakov\u00fd protein, makov\u00e1 mouka, makov\u00e9 pokrutiny, ln\u011bn\u00fd protein, mlet\u00fd km\u00edn, km\u00ednov\u00e9 v\u00fdlisky, makov\u00e9 v\u00fdlisky\u2026\u201c.<\/p>\n\n\n\n<p>N\u011bkter\u00e9 pokrutiny, jako nap\u0159\u00edklad pokrutina z&nbsp;neloupan\u00e9 slune\u010dnice, jsou dobr\u00fdm krmivem pro velk\u00e1 i mal\u00e1 zv\u00ed\u0159ata (kr\u00e1l\u00edci, slepice).<\/p>\n\n\n\n<p>Na\u0161e pokrutiny jsou jednodruhov\u00e9, neobsahuj\u00ed lepek ani \u017e\u00e1dn\u00e9 konzervanty.<\/p>\n\n\n\n<figure class=\"wp-block-image size-large\"><img loading=\"lazy\" decoding=\"async\" width=\"1024\" height=\"473\" src=\"https:\/\/www.podpoustkou.cz\/wp-content\/uploads\/2023\/03\/20220529_105144a-1024x473.jpg\" alt=\"\" class=\"wp-image-368\" srcset=\"https:\/\/www.podpoustkou.cz\/wp-content\/uploads\/2023\/03\/20220529_105144a-1024x473.jpg 1024w, https:\/\/www.podpoustkou.cz\/wp-content\/uploads\/2023\/03\/20220529_105144a-300x138.jpg 300w, https:\/\/www.podpoustkou.cz\/wp-content\/uploads\/2023\/03\/20220529_105144a-768x354.jpg 768w, https:\/\/www.podpoustkou.cz\/wp-content\/uploads\/2023\/03\/20220529_105144a-1536x709.jpg 1536w, https:\/\/www.podpoustkou.cz\/wp-content\/uploads\/2023\/03\/20220529_105144a-2048x945.jpg 2048w, https:\/\/www.podpoustkou.cz\/wp-content\/uploads\/2023\/03\/20220529_105144a-1200x554.jpg 1200w, https:\/\/www.podpoustkou.cz\/wp-content\/uploads\/2023\/03\/20220529_105144a-1980x914.jpg 1980w\" sizes=\"auto, (max-width: 1024px) 100vw, 1024px\" \/><\/figure>\n\n\n\n<h2 class=\"has-larger-font-size wp-block-heading\">Pasta<\/h2>\n\n\n\n<p>Pasta je sm\u011bs jednodruhov\u00e9ho oleje a jemn\u00fdch \u010d\u00e1stic lisovan\u00e9 suroviny. Je to n\u011bco na p\u016fl cesty mezi pokrutinami a olejem. Jedn\u00e1 se o usazeniny ze dna nerezov\u00e9 n\u00e1dr\u017ee ve kter\u00e9 se skladuje olej p\u0159ed st\u00e1\u010den\u00edm do z\u00e1kaznick\u00fdch obal\u016f bez p\u0159id\u00e1n\u00ed dal\u0161\u00edch surovin.<\/p>\n\n\n\n<h2 class=\"wp-block-heading\">Suroviny<\/h2>\n<\/div><\/div>\n\n\n\n<h4 class=\"wp-block-heading\" id=\"modry-mak\">M\u00e1k modr\u00fd, m\u00e1k b\u00edl\u00fd<\/h4>\n\n\n\n<ul class=\"wp-block-list\">\n<li>Zastudena lisovan\u00fd olej z&nbsp;modr\u00e9ho m\u00e1ku, nefiltrovan\u00fd<\/li>\n\n\n\n<li>Pokrutiny z&nbsp;modr\u00e9ho m\u00e1ku, bezlepkov\u00e9<\/li>\n\n\n\n<li>Pros\u00e9van\u00e1 mouka z&nbsp;modr\u00e9ho m\u00e1ku, op\u011bt bezlepkov\u00e1<\/li>\n<\/ul>\n\n\n\n<h4 class=\"wp-block-heading\" id=\"slunecnice-cerna\">Slune\u010dnice \u010dern\u00e1<\/h4>\n\n\n\n<ul class=\"wp-block-list\">\n<li>Zastudena lisovan\u00fd olej z&nbsp;neloupan\u00e9 slune\u010dnice \u010dern\u00e9, nefiltrovan\u00fd<\/li>\n\n\n\n<li>Pokrutiny ze slune\u010dnice \u010dern\u00e9 neloupan\u00e9 &#8211; krmivo<\/li>\n<\/ul>\n\n\n\n<h4 class=\"wp-block-heading\" id=\"horcice-bila\">Ho\u0159\u010dice \u017elut\u00e1<\/h4>\n\n\n\n<ul class=\"wp-block-list\">\n<li>Zastudena lisovan\u00fd olej z&nbsp;ho\u0159\u010dice \u017elut\u00e9, nefiltrovan\u00fd<\/li>\n\n\n\n<li>Pokrutiny z&nbsp;ho\u0159\u010dice b\u00edl\u00e9<\/li>\n<\/ul>\n\n\n\n<h4 class=\"wp-block-heading\" id=\"len-hnedy\">Len hn\u011bd\u00fd<\/h4>\n\n\n\n<ul class=\"wp-block-list\">\n<li>Zastudena lisovan\u00fd olej z&nbsp;neloupan\u00e9ho lnu hn\u011bd\u00e9ho, nefiltrovan\u00fd<\/li>\n\n\n\n<li>Pokrutiny z neloupan\u00e9ho lnu hn\u011bd\u00e9ho<\/li>\n\n\n\n<li>Protein, rozm\u011bln\u011bn\u00e9 pokrutiny, z neloupan\u00e9ho lnu hn\u011bd\u00e9ho<\/li>\n<\/ul>\n\n\n\n<h4 class=\"wp-block-heading\" id=\"ostropestrec-mariansky\"><strong>Ostropest\u0159ec mari\u00e1nsk\u00fd<\/strong><\/h4>\n\n\n\n<ul class=\"wp-block-list\">\n<li>Zastudena lisovan\u00fd olej z&nbsp;ostropest\u0159ce Mari\u00e1nsk\u00e9ho, nefiltrovan\u00fd<\/li>\n\n\n\n<li>Pokrutiny z ostropest\u0159ce Mari\u00e1nsk\u00e9ho<\/li>\n\n\n\n<li>Rozm\u011bln\u011bn\u00e9 pokrutiny z ostropest\u0159ce Mari\u00e1nsk\u00e9ho<\/li>\n<\/ul>\n\n\n\n<h4 class=\"wp-block-heading\" id=\"repice-ozima-repka-brassica-napus\"><strong>\u0158epice ozim\u00e1 \u2013 \u0159epka, Brassica napus<\/strong><\/h4>\n\n\n\n<ul class=\"wp-block-list\">\n<li>Zastudena lisovan\u00fd \u0159epkov\u00fd olej, nefiltrovan\u00fd<\/li>\n\n\n\n<li>Pokrutiny z&nbsp;\u0159epky &#8211; krmivo<\/li>\n<\/ul>\n\n\n\n<h4 class=\"wp-block-heading\" id=\"kmin-dvoulety\"><strong>Km\u00edn dvoulet\u00fd<\/strong><\/h4>\n\n\n\n<ul class=\"wp-block-list\">\n<li>Zastudena lisovan\u00fd km\u00ednov\u00fd olej, nefiltrovan\u00fd<\/li>\n\n\n\n<li>Pokrutiny z km\u00ednu<\/li>\n<\/ul>\n\n\n\n<div style=\"height:47px\" aria-hidden=\"true\" class=\"wp-block-spacer\"><\/div>\n\n\n\n<p>Pokusn\u011b jsme tak\u00e9 lisovali d\u00fd\u0148ov\u00e1 sem\u00ednka a meru\u0148kov\u00e1 j\u00e1dra z&nbsp;vlastn\u00ed produkce<\/p>\n","protected":false},"excerpt":{"rendered":"<p>Oleje Na\u0161e oleje jsou jednodruhov\u00e9 lisovan\u00e9 za studena. Vylisovan\u00fd olej je ulo\u017een v&nbsp;nerezov\u00fdch barelech, kde dojde k&nbsp;sedimentaci. B\u011bhem sedimentace, kter\u00e1 zpravidla trv\u00e1 5 \u2013 7 dn\u00ed, je olej ulo\u017een v&nbsp;chladu a temnu (hermeticky uzav\u0159en\u00e9 nerezov\u00e9 barely). N\u00e1sledn\u011b je olej st\u00e1\u010den, dle objedn\u00e1vek, do p\u0159\u00edslu\u0161n\u011b velk\u00fdch tmav\u00fdch sklen\u011bn\u00fdch lahv\u00ed a op\u011bt hermeticky uzav\u0159en uz\u00e1v\u011brem s&nbsp;n\u00e1levkou. Olej [&hellip;]<\/p>\n","protected":false},"author":1,"featured_media":0,"parent":0,"menu_order":0,"comment_status":"closed","ping_status":"closed","template":"","meta":{"footnotes":""},"class_list":["post-18","page","type-page","status-publish","hentry"],"_links":{"self":[{"href":"https:\/\/www.podpoustkou.cz\/index.php\/wp-json\/wp\/v2\/pages\/18","targetHints":{"allow":["GET"]}}],"collection":[{"href":"https:\/\/www.podpoustkou.cz\/index.php\/wp-json\/wp\/v2\/pages"}],"about":[{"href":"https:\/\/www.podpoustkou.cz\/index.php\/wp-json\/wp\/v2\/types\/page"}],"author":[{"embeddable":true,"href":"https:\/\/www.podpoustkou.cz\/index.php\/wp-json\/wp\/v2\/users\/1"}],"replies":[{"embeddable":true,"href":"https:\/\/www.podpoustkou.cz\/index.php\/wp-json\/wp\/v2\/comments?post=18"}],"version-history":[{"count":17,"href":"https:\/\/www.podpoustkou.cz\/index.php\/wp-json\/wp\/v2\/pages\/18\/revisions"}],"predecessor-version":[{"id":370,"href":"https:\/\/www.podpoustkou.cz\/index.php\/wp-json\/wp\/v2\/pages\/18\/revisions\/370"}],"wp:attachment":[{"href":"https:\/\/www.podpoustkou.cz\/index.php\/wp-json\/wp\/v2\/media?parent=18"}],"curies":[{"name":"wp","href":"https:\/\/api.w.org\/{rel}","templated":true}]}}